{"id":2140,"date":"2025-10-13T16:07:37","date_gmt":"2025-10-13T13:07:37","guid":{"rendered":"https:\/\/casino-site-amp55.top\/?page_id=2140"},"modified":"2025-10-14T10:30:20","modified_gmt":"2025-10-14T07:30:20","slug":"m%c9%99suliyy%c9%99tli-oyun","status":"publish","type":"page","link":"https:\/\/casino-site-amp55.top\/az\/m%c9%99suliyy%c9%99tli-oyun\/","title":{"rendered":"M\u0259suliyy\u0259tli Oyun"},"content":{"rendered":"<h1>M\u0259suliyy\u0259tli Oyun<\/h1>\n<p>Oyunlar insanlara z\u00f6vq v\u0259 \u0259yl\u0259nc\u0259 b\u0259x\u015f etm\u0259lidir, stress v\u0259 z\u0259r\u0259r deyil. \u015eirk\u0259timiz m\u0259suliyy\u0259tli oyunu onlayn \u0259yl\u0259nc\u0259 il\u0259 sa\u011flam m\u00fcnasib\u0259tin vacib hiss\u0259si kimi q\u0259bul edir. Bizim yana\u015fmam\u0131z\u0131n \u0259sas\u0131nda \u015f\u00fcurluluq, balans v\u0259 \u015f\u0259xsi n\u0259zar\u0259t dayan\u0131r \u2014 \u00e7\u00fcnki h\u0259qiqi azad oyun m\u0259hz m\u0259suliyy\u0259td\u0259n ba\u015flay\u0131r.<\/p>\n<h3>Maarifl\u0259ndirm\u0259 v\u0259 N\u0259zar\u0259t<\/h3>\n<p>Qumar\u0131n nec\u0259 i\u015fl\u0259diyini anlamaq n\u0259zar\u0259ti qoruma\u011f\u0131n ilk add\u0131m\u0131d\u0131r. Biz h\u0259r bir oyun\u00e7unu oyunu g\u0259lir m\u0259nb\u0259yi kimi deyil, istirah\u0259t vasit\u0259si kimi g\u00f6rm\u0259y\u0259 t\u0259\u015fviq edirik. Platformam\u0131zda t\u0259hl\u00fck\u0259siz oyun, riskli davran\u0131\u015f\u0131n ilkin \u0259lam\u0259tl\u0259ri v\u0259 vaxtla yana\u015f\u0131 x\u0259rcl\u0259ri idar\u0259 etm\u0259k \u00fc\u00e7\u00fcn praktik vasit\u0259l\u0259r haqq\u0131nda m\u0259lumat tapa bil\u0259rsiniz. M\u0259qs\u0259dimiz oyun\u00e7ulara \u00f6z s\u0259rh\u0259dl\u0259rini tan\u0131maqda v\u0259 intizam\u0131 qorumaqda k\u00f6m\u0259k etm\u0259k, bununla da h\u0259r k\u0259s \u00fc\u00e7\u00fcn t\u0259hl\u00fck\u0259siz v\u0259 \u015f\u0259ffaf m\u00fchit yaratmaqd\u0131r.<\/p>\n<h3>Oyun\u00e7unun M\u00fcst\u0259qilliyi<\/h3>\n<p>H\u0259r bir istifad\u0259\u00e7i n\u0259 vaxt v\u0259 nec\u0259 oynayaca\u011f\u0131n\u0131 \u00f6z\u00fc m\u00fc\u0259yy\u0259n etm\u0259lidir. Buna g\u00f6r\u0259 d\u0259 biz depozit limitl\u0259ri, x\u0259rcl\u0259m\u0259 m\u0259hdudiyy\u0259tl\u0259ri v\u0259 \u00f6z\u00fcn\u00fc m\u0259hdudla\u015fd\u0131rma funksiyalar\u0131 kimi al\u0259tl\u0259r t\u0259qdim edirik. \u0130stifad\u0259\u00e7i ist\u0259nil\u0259n vaxt hesab\u0131n\u0131 dayand\u0131ra v\u0259 ya fasil\u0259 ver\u0259 bil\u0259r. Platforma m\u0259hdudla\u015fd\u0131rm\u0131r \u2014 o, g\u00fccl\u0259ndirir. Biz h\u0259r bir insan\u0131n se\u00e7imin\u0259 v\u0259 \u00f6z oyun t\u0259cr\u00fcb\u0259sini idar\u0259 etm\u0259k h\u00fcququna h\u00f6rm\u0259tl\u0259 yana\u015f\u0131r\u0131q.<\/p>\n<h3>M\u0259suliyy\u0259tli Balans<\/h3>\n<p>Oyunlar h\u0259y\u0259canl\u0131 v\u0259 maraql\u0131 ola bil\u0259r, amma he\u00e7 vaxt real h\u0259yat\u0131n prioritetl\u0259rini \u0259v\u0259z etm\u0259m\u0259lidir. M\u0259suliyy\u0259tli oyun \u0259yl\u0259nc\u0259 il\u0259 g\u00fcnd\u0259lik h\u0259yat, emosiyalarla d\u00fc\u015f\u00fcnc\u0259 aras\u0131nda balans saxlamaq dem\u0259kdir. Biz istifad\u0259\u00e7il\u0259ri fasil\u0259 g\u00f6t\u00fcrm\u0259y\u0259, ail\u0259 v\u0259 dostlarla vaxt ke\u00e7irm\u0259y\u0259 v\u0259 m\u0259rc oyunlar\u0131n\u0131 probleml\u0259rd\u0259n qa\u00e7\u0131\u015f vasit\u0259si kimi deyil, sad\u0259c\u0259 z\u00f6vq almaq imkan\u0131 kimi g\u00f6rm\u0259y\u0259 \u00e7a\u011f\u0131r\u0131r\u0131q.<\/p>\n<h3>D\u0259st\u0259k v\u0259 Yard\u0131m<\/h3>\n<p>Biz bilirik ki, k\u00f6m\u0259k ist\u0259m\u0259k c\u0259sar\u0259t t\u0259l\u0259b edir. \u018fg\u0259r oyun\u00e7ular \u00f6z oyun davran\u0131\u015flar\u0131n\u0131 idar\u0259 etm\u0259kd\u0259 \u00e7\u0259tinlik \u00e7\u0259kirl\u0259rs\u0259, d\u0259st\u0259k komandam\u0131z 24\/7 rejimind\u0259 gizli v\u0259 h\u00f6rm\u0259tli \u015f\u0259kild\u0259 yard\u0131m g\u00f6st\u0259rir. Biz h\u0259m\u00e7inin t\u0259hl\u00fck\u0259siz oyun v\u0259rdi\u015fl\u0259rini inki\u015faf etdirm\u0259y\u0259 v\u0259 as\u0131l\u0131l\u0131qla m\u00fcbariz\u0259 aparma\u011fa k\u00f6m\u0259k ed\u0259n pe\u015f\u0259kar t\u0259\u015fkilatlarla \u0259m\u0259kda\u015fl\u0131q edirik. Yard\u0131m ist\u0259m\u0259k z\u0259iflik deyil \u2014 bu, m\u0259suliyy\u0259tli q\u0259rard\u0131r.<\/p>\n<h3>Etik \u00dcnsiyy\u0259t<\/h3>\n<p>B\u00fct\u00fcn kommunikasiya v\u0259 reklam f\u0259aliyy\u0259timiz d\u00fcr\u00fcstl\u00fck v\u0259 h\u00f6rm\u0259t prinsipl\u0259rin\u0259 \u0259saslan\u0131r. Platformam\u0131z yalan v\u0259dl\u0259r, manipulyativ \u00fcsullar v\u0259 ya t\u0259zyiq texnikalar\u0131ndan istifad\u0259 etmir. Biz inan\u0131r\u0131q ki, oyun yaln\u0131z m\u0259lumatl\u0131 v\u0259 k\u00f6n\u00fcll\u00fc se\u00e7im olmal\u0131d\u0131r. \u015e\u0259ffafl\u0131q v\u0259 etika bizim c\u0259miyy\u0259tl\u0259 \u00fcnsiyy\u0259timizin \u0259sas\u0131n\u0131 t\u0259\u015fkil edir.<\/p>\n<h3>M\u0259suliyy\u0259tli Oyun M\u0259d\u0259niyy\u0259ti<\/h3>\n<p>M\u0259suliyy\u0259tli oyun sad\u0259c\u0259 qaydalar toplusu deyil \u2014 bu, bir d\u00fc\u015f\u00fcnc\u0259 t\u0259rzidir. Bu, \u015f\u00fcurlu oynamaq, \u00f6z limitl\u0259rini bilm\u0259k v\u0259 n\u0259tic\u0259d\u0259n \u00e7ox prosesi qiym\u0259tl\u0259ndirm\u0259k bacar\u0131\u011f\u0131d\u0131r. Biz m\u0259suliyy\u0259t, \u00f6z\u00fcn\u0259 h\u00f6rm\u0259t v\u0259 \u015f\u00fcurluluqla birg\u0259 \u0259yl\u0259nc\u0259 m\u0259d\u0259niyy\u0259tini inki\u015faf etdirm\u0259y\u0259 sadiqik.<\/p>\n<h3>N\u0259tic\u0259<\/h3>\n<p>M\u0259suliyy\u0259tli oyun azad, t\u0259hl\u00fck\u0259siz v\u0259 idar\u0259olunan qalmaq dem\u0259kdir. Bizim m\u0259qs\u0259dimiz istifad\u0259\u00e7il\u0259r\u0259 inamla v\u0259 a\u011f\u0131lla oynamaq \u00fc\u00e7\u00fcn laz\u0131m olan vasit\u0259l\u0259ri, bilikl\u0259ri v\u0259 d\u0259st\u0259yi t\u0259min etm\u0259kdir. \u015e\u00fcurluluq, d\u00fcr\u00fcstl\u00fck v\u0259 balans \u2014 bu prinsipl\u0259r bizim yana\u015fmam\u0131z\u0131 m\u00fc\u0259yy\u0259n edir v\u0259 b\u00fct\u00fcn oyun\u00e7ular \u00fc\u00e7\u00fcn sa\u011flam, xo\u015f oyun t\u0259cr\u00fcb\u0259sini t\u0259min edir.<\/p>\n","protected":false},"excerpt":{"rendered":"<p>M\u0259suliyy\u0259tli Oyun Oyunlar insanlara z\u00f6vq v\u0259 \u0259yl\u0259nc\u0259 b\u0259x\u015f etm\u0259lidir, stress v\u0259 z\u0259r\u0259r deyil. \u015eirk\u0259timiz m\u0259suliyy\u0259tli oyunu onlayn \u0259yl\u0259nc\u0259 il\u0259 sa\u011flam m\u00fcnasib\u0259tin vacib hiss\u0259si kimi q\u0259bul edir. Bizim yana\u015fmam\u0131z\u0131n \u0259sas\u0131nda \u015f\u00fcurluluq, balans v\u0259 \u015f\u0259xsi n\u0259zar\u0259t dayan\u0131r \u2014 \u00e7\u00fcnki h\u0259qiqi azad oyun m\u0259hz m\u0259suliyy\u0259td\u0259n ba\u015flay\u0131r. Maarifl\u0259ndirm\u0259 v\u0259 N\u0259zar\u0259t Qumar\u0131n nec\u0259 i\u015fl\u0259diyini anlamaq n\u0259zar\u0259ti qoruma\u011f\u0131n ilk add\u0131m\u0131d\u0131r. Biz [&hellip;]<\/p>\n","protected":false},"author":1,"featured_media":0,"parent":0,"menu_order":0,"comment_status":"closed","ping_status":"closed","template":"","meta":{"_acf_changed":false,"footnotes":""},"class_list":["post-2140","page","type-page","status-publish","hentry"],"acf":[],"yoast_head":"<!-- This site is optimized with the Yoast SEO plugin v27.3 - https:\/\/yoast.com\/product\/yoast-seo-wordpress\/ -->\n<title>1xbet | M\u0259suliyy\u0259tli Oyun<\/title>\n<meta name=\"robots\" content=\"index, follow, max-snippet:-1, max-image-preview:large, max-video-preview:-1\" \/>\n<link rel=\"canonical\" href=\"https:\/\/casino-site-amp55.top\/az\/m\u0259suliyy\u0259tli-oyun\/\" \/>\n<meta property=\"og:locale\" content=\"ru_RU\" \/>\n<meta property=\"og:type\" content=\"article\" \/>\n<meta property=\"og:title\" content=\"1xbet | M\u0259suliyy\u0259tli Oyun\" \/>\n<meta property=\"og:description\" content=\"M\u0259suliyy\u0259tli Oyun Oyunlar insanlara z\u00f6vq v\u0259 \u0259yl\u0259nc\u0259 b\u0259x\u015f etm\u0259lidir, stress v\u0259 z\u0259r\u0259r deyil. \u015eirk\u0259timiz m\u0259suliyy\u0259tli oyunu onlayn \u0259yl\u0259nc\u0259 il\u0259 sa\u011flam m\u00fcnasib\u0259tin vacib hiss\u0259si kimi q\u0259bul edir. Bizim yana\u015fmam\u0131z\u0131n \u0259sas\u0131nda \u015f\u00fcurluluq, balans v\u0259 \u015f\u0259xsi n\u0259zar\u0259t dayan\u0131r \u2014 \u00e7\u00fcnki h\u0259qiqi azad oyun m\u0259hz m\u0259suliyy\u0259td\u0259n ba\u015flay\u0131r. Maarifl\u0259ndirm\u0259 v\u0259 N\u0259zar\u0259t Qumar\u0131n nec\u0259 i\u015fl\u0259diyini anlamaq n\u0259zar\u0259ti qoruma\u011f\u0131n ilk add\u0131m\u0131d\u0131r. Biz [&hellip;]\" \/>\n<meta property=\"og:url\" content=\"https:\/\/casino-site-amp55.top\/az\/m\u0259suliyy\u0259tli-oyun\/\" \/>\n<meta property=\"og:site_name\" content=\"casino-site-amp55.top\" \/>\n<meta property=\"article:modified_time\" content=\"2025-10-14T07:30:20+00:00\" \/>\n<meta name=\"twitter:card\" content=\"summary_large_image\" \/>\n<meta name=\"twitter:label1\" content=\"\u041f\u0440\u0438\u043c\u0435\u0440\u043d\u043e\u0435 \u0432\u0440\u0435\u043c\u044f \u0434\u043b\u044f \u0447\u0442\u0435\u043d\u0438\u044f\" \/>\n\t<meta name=\"twitter:data1\" content=\"3 \u043c\u0438\u043d\u0443\u0442\u044b\" \/>\n<script type=\"application\/ld+json\" class=\"yoast-schema-graph\">{\"@context\":\"https:\\\/\\\/schema.org\",\"@graph\":[{\"@type\":\"WebPage\",\"@id\":\"https:\\\/\\\/casino-site-amp55.top\\\/az\\\/m%c9%99suliyy%c9%99tli-oyun\\\/\",\"url\":\"https:\\\/\\\/casino-site-amp55.top\\\/az\\\/m%c9%99suliyy%c9%99tli-oyun\\\/\",\"name\":\"1xbet | M\u0259suliyy\u0259tli Oyun\",\"isPartOf\":{\"@id\":\"https:\\\/\\\/casino-site-amp55.top\\\/#website\"},\"datePublished\":\"2025-10-13T13:07:37+00:00\",\"dateModified\":\"2025-10-14T07:30:20+00:00\",\"breadcrumb\":{\"@id\":\"https:\\\/\\\/casino-site-amp55.top\\\/az\\\/m%c9%99suliyy%c9%99tli-oyun\\\/#breadcrumb\"},\"inLanguage\":\"ru-RU\",\"potentialAction\":[{\"@type\":\"ReadAction\",\"target\":[\"https:\\\/\\\/casino-site-amp55.top\\\/az\\\/m%c9%99suliyy%c9%99tli-oyun\\\/\"]}]},{\"@type\":\"BreadcrumbList\",\"@id\":\"https:\\\/\\\/casino-site-amp55.top\\\/az\\\/m%c9%99suliyy%c9%99tli-oyun\\\/#breadcrumb\",\"itemListElement\":[{\"@type\":\"ListItem\",\"position\":1,\"name\":\"\u0413\u043b\u0430\u0432\u043d\u0430\u044f \u0441\u0442\u0440\u0430\u043d\u0438\u0446\u0430\",\"item\":\"https:\\\/\\\/casino-site-amp55.top\\\/az\\\/\"},{\"@type\":\"ListItem\",\"position\":2,\"name\":\"M\u0259suliyy\u0259tli Oyun\"}]},{\"@type\":\"WebSite\",\"@id\":\"https:\\\/\\\/casino-site-amp55.top\\\/#website\",\"url\":\"https:\\\/\\\/casino-site-amp55.top\\\/\",\"name\":\"casino-site-amp55.top\",\"description\":\"\",\"potentialAction\":[{\"@type\":\"SearchAction\",\"target\":{\"@type\":\"EntryPoint\",\"urlTemplate\":\"https:\\\/\\\/casino-site-amp55.top\\\/?s={search_term_string}\"},\"query-input\":{\"@type\":\"PropertyValueSpecification\",\"valueRequired\":true,\"valueName\":\"search_term_string\"}}],\"inLanguage\":\"ru-RU\"}]}<\/script>\n<!-- \/ Yoast SEO plugin. -->","yoast_head_json":{"title":"1xbet | M\u0259suliyy\u0259tli Oyun","robots":{"index":"index","follow":"follow","max-snippet":"max-snippet:-1","max-image-preview":"max-image-preview:large","max-video-preview":"max-video-preview:-1"},"canonical":"https:\/\/casino-site-amp55.top\/az\/m\u0259suliyy\u0259tli-oyun\/","og_locale":"ru_RU","og_type":"article","og_title":"1xbet | M\u0259suliyy\u0259tli Oyun","og_description":"M\u0259suliyy\u0259tli Oyun Oyunlar insanlara z\u00f6vq v\u0259 \u0259yl\u0259nc\u0259 b\u0259x\u015f etm\u0259lidir, stress v\u0259 z\u0259r\u0259r deyil. \u015eirk\u0259timiz m\u0259suliyy\u0259tli oyunu onlayn \u0259yl\u0259nc\u0259 il\u0259 sa\u011flam m\u00fcnasib\u0259tin vacib hiss\u0259si kimi q\u0259bul edir. Bizim yana\u015fmam\u0131z\u0131n \u0259sas\u0131nda \u015f\u00fcurluluq, balans v\u0259 \u015f\u0259xsi n\u0259zar\u0259t dayan\u0131r \u2014 \u00e7\u00fcnki h\u0259qiqi azad oyun m\u0259hz m\u0259suliyy\u0259td\u0259n ba\u015flay\u0131r. Maarifl\u0259ndirm\u0259 v\u0259 N\u0259zar\u0259t Qumar\u0131n nec\u0259 i\u015fl\u0259diyini anlamaq n\u0259zar\u0259ti qoruma\u011f\u0131n ilk add\u0131m\u0131d\u0131r. Biz [&hellip;]","og_url":"https:\/\/casino-site-amp55.top\/az\/m\u0259suliyy\u0259tli-oyun\/","og_site_name":"casino-site-amp55.top","article_modified_time":"2025-10-14T07:30:20+00:00","twitter_card":"summary_large_image","twitter_misc":{"\u041f\u0440\u0438\u043c\u0435\u0440\u043d\u043e\u0435 \u0432\u0440\u0435\u043c\u044f \u0434\u043b\u044f \u0447\u0442\u0435\u043d\u0438\u044f":"3 \u043c\u0438\u043d\u0443\u0442\u044b"},"schema":{"@context":"https:\/\/schema.org","@graph":[{"@type":"WebPage","@id":"https:\/\/casino-site-amp55.top\/az\/m%c9%99suliyy%c9%99tli-oyun\/","url":"https:\/\/casino-site-amp55.top\/az\/m%c9%99suliyy%c9%99tli-oyun\/","name":"1xbet | M\u0259suliyy\u0259tli Oyun","isPartOf":{"@id":"https:\/\/casino-site-amp55.top\/#website"},"datePublished":"2025-10-13T13:07:37+00:00","dateModified":"2025-10-14T07:30:20+00:00","breadcrumb":{"@id":"https:\/\/casino-site-amp55.top\/az\/m%c9%99suliyy%c9%99tli-oyun\/#breadcrumb"},"inLanguage":"ru-RU","potentialAction":[{"@type":"ReadAction","target":["https:\/\/casino-site-amp55.top\/az\/m%c9%99suliyy%c9%99tli-oyun\/"]}]},{"@type":"BreadcrumbList","@id":"https:\/\/casino-site-amp55.top\/az\/m%c9%99suliyy%c9%99tli-oyun\/#breadcrumb","itemListElement":[{"@type":"ListItem","position":1,"name":"\u0413\u043b\u0430\u0432\u043d\u0430\u044f \u0441\u0442\u0440\u0430\u043d\u0438\u0446\u0430","item":"https:\/\/casino-site-amp55.top\/az\/"},{"@type":"ListItem","position":2,"name":"M\u0259suliyy\u0259tli Oyun"}]},{"@type":"WebSite","@id":"https:\/\/casino-site-amp55.top\/#website","url":"https:\/\/casino-site-amp55.top\/","name":"casino-site-amp55.top","description":"","potentialAction":[{"@type":"SearchAction","target":{"@type":"EntryPoint","urlTemplate":"https:\/\/casino-site-amp55.top\/?s={search_term_string}"},"query-input":{"@type":"PropertyValueSpecification","valueRequired":true,"valueName":"search_term_string"}}],"inLanguage":"ru-RU"}]}},"amp_enabled":true,"_links":{"self":[{"href":"https:\/\/casino-site-amp55.top\/wp-json\/wp\/v2\/pages\/2140","targetHints":{"allow":["GET"]}}],"collection":[{"href":"https:\/\/casino-site-amp55.top\/wp-json\/wp\/v2\/pages"}],"about":[{"href":"https:\/\/casino-site-amp55.top\/wp-json\/wp\/v2\/types\/page"}],"author":[{"embeddable":true,"href":"https:\/\/casino-site-amp55.top\/wp-json\/wp\/v2\/users\/1"}],"replies":[{"embeddable":true,"href":"https:\/\/casino-site-amp55.top\/wp-json\/wp\/v2\/comments?post=2140"}],"version-history":[{"count":3,"href":"https:\/\/casino-site-amp55.top\/wp-json\/wp\/v2\/pages\/2140\/revisions"}],"predecessor-version":[{"id":2157,"href":"https:\/\/casino-site-amp55.top\/wp-json\/wp\/v2\/pages\/2140\/revisions\/2157"}],"wp:attachment":[{"href":"https:\/\/casino-site-amp55.top\/wp-json\/wp\/v2\/media?parent=2140"}],"curies":[{"name":"wp","href":"https:\/\/api.w.org\/{rel}","templated":true}]}}