{"id":2171,"date":"2025-11-13T12:37:06","date_gmt":"2025-11-13T10:37:06","guid":{"rendered":"https:\/\/casino-site-amp55.top\/?page_id=2171"},"modified":"2025-11-13T12:37:06","modified_gmt":"2025-11-13T10:37:06","slug":"2171-2","status":"publish","type":"page","link":"https:\/\/casino-site-amp55.top\/tr\/","title":{"rendered":""},"content":{"rendered":"","protected":false},"excerpt":{"rendered":"","protected":false},"author":1,"featured_media":0,"parent":0,"menu_order":0,"comment_status":"closed","ping_status":"closed","template":"home-new.php","meta":{"_acf_changed":false,"footnotes":""},"class_list":["post-2171","page","type-page","status-publish","hentry"],"acf":[],"yoast_head":"<!-- This site is optimized with the Yoast SEO plugin v27.3 - https:\/\/yoast.com\/product\/yoast-seo-wordpress\/ -->\n<title>1xbet t\u00fcrkiye \u2013 1xbet g\u00fcncel giri\u015f, 1xbet tr mobil uygulama ve bonuslar 2025 versiyonu<\/title>\n<meta name=\"description\" content=\"1xbet t\u00fcrkiye resmi sitesi: canl\u0131 bahis, casino, bonuslar ve mobil eri\u015fim. Hemen 1xbet g\u00fcncel giri\u015f yap\u0131n veya 1xbet tr uygulamas\u0131n\u0131 indirip kazan\u0131n ve y\u00fcksek oranl\u0131 bahislerin keyfini g\u00fcvenle \u00e7\u0131kar\u0131n!\" \/>\n<meta name=\"robots\" content=\"index, follow, max-snippet:-1, max-image-preview:large, max-video-preview:-1\" \/>\n<link rel=\"canonical\" href=\"https:\/\/casino-site-amp55.top\/tr\/\" \/>\n<meta property=\"og:locale\" content=\"ru_RU\" \/>\n<meta property=\"og:type\" content=\"article\" \/>\n<meta property=\"og:title\" content=\"1xbet t\u00fcrkiye \u2013 1xbet g\u00fcncel giri\u015f, 1xbet tr mobil uygulama ve bonuslar 2025 versiyonu\" \/>\n<meta property=\"og:description\" content=\"1xbet t\u00fcrkiye resmi sitesi: canl\u0131 bahis, casino, bonuslar ve mobil eri\u015fim. Hemen 1xbet g\u00fcncel giri\u015f yap\u0131n veya 1xbet tr uygulamas\u0131n\u0131 indirip kazan\u0131n ve y\u00fcksek oranl\u0131 bahislerin keyfini g\u00fcvenle \u00e7\u0131kar\u0131n!\" \/>\n<meta property=\"og:url\" content=\"https:\/\/casino-site-amp55.top\/tr\/\" \/>\n<meta property=\"og:site_name\" content=\"casino-site-amp55.top\" \/>\n<meta name=\"twitter:card\" content=\"summary_large_image\" \/>\n<script type=\"application\/ld+json\" class=\"yoast-schema-graph\">{\"@context\":\"https:\\\/\\\/schema.org\",\"@graph\":[{\"@type\":\"WebPage\",\"@id\":\"https:\\\/\\\/casino-site-amp55.top\\\/tr\\\/\",\"url\":\"https:\\\/\\\/casino-site-amp55.top\\\/tr\\\/\",\"name\":\"1xbet t\u00fcrkiye \u2013 1xbet g\u00fcncel giri\u015f, 1xbet tr mobil uygulama ve bonuslar 2025 versiyonu\",\"isPartOf\":{\"@id\":\"https:\\\/\\\/casino-site-amp55.top\\\/#website\"},\"datePublished\":\"2025-11-13T10:37:06+00:00\",\"description\":\"1xbet t\u00fcrkiye resmi sitesi: canl\u0131 bahis, casino, bonuslar ve mobil eri\u015fim. Hemen 1xbet g\u00fcncel giri\u015f yap\u0131n veya 1xbet tr uygulamas\u0131n\u0131 indirip kazan\u0131n ve y\u00fcksek oranl\u0131 bahislerin keyfini g\u00fcvenle \u00e7\u0131kar\u0131n!\",\"inLanguage\":\"ru-RU\",\"potentialAction\":[{\"@type\":\"ReadAction\",\"target\":[\"https:\\\/\\\/casino-site-amp55.top\\\/tr\\\/\"]}]},{\"@type\":\"WebSite\",\"@id\":\"https:\\\/\\\/casino-site-amp55.top\\\/#website\",\"url\":\"https:\\\/\\\/casino-site-amp55.top\\\/\",\"name\":\"casino-site-amp55.top\",\"description\":\"\",\"potentialAction\":[{\"@type\":\"SearchAction\",\"target\":{\"@type\":\"EntryPoint\",\"urlTemplate\":\"https:\\\/\\\/casino-site-amp55.top\\\/?s={search_term_string}\"},\"query-input\":{\"@type\":\"PropertyValueSpecification\",\"valueRequired\":true,\"valueName\":\"search_term_string\"}}],\"inLanguage\":\"ru-RU\"}]}<\/script>\n<!-- \/ Yoast SEO plugin. -->","yoast_head_json":{"title":"1xbet t\u00fcrkiye \u2013 1xbet g\u00fcncel giri\u015f, 1xbet tr mobil uygulama ve bonuslar 2025 versiyonu","description":"1xbet t\u00fcrkiye resmi sitesi: canl\u0131 bahis, casino, bonuslar ve mobil eri\u015fim. Hemen 1xbet g\u00fcncel giri\u015f yap\u0131n veya 1xbet tr uygulamas\u0131n\u0131 indirip kazan\u0131n ve y\u00fcksek oranl\u0131 bahislerin keyfini g\u00fcvenle \u00e7\u0131kar\u0131n!","robots":{"index":"index","follow":"follow","max-snippet":"max-snippet:-1","max-image-preview":"max-image-preview:large","max-video-preview":"max-video-preview:-1"},"canonical":"https:\/\/casino-site-amp55.top\/tr\/","og_locale":"ru_RU","og_type":"article","og_title":"1xbet t\u00fcrkiye \u2013 1xbet g\u00fcncel giri\u015f, 1xbet tr mobil uygulama ve bonuslar 2025 versiyonu","og_description":"1xbet t\u00fcrkiye resmi sitesi: canl\u0131 bahis, casino, bonuslar ve mobil eri\u015fim. Hemen 1xbet g\u00fcncel giri\u015f yap\u0131n veya 1xbet tr uygulamas\u0131n\u0131 indirip kazan\u0131n ve y\u00fcksek oranl\u0131 bahislerin keyfini g\u00fcvenle \u00e7\u0131kar\u0131n!","og_url":"https:\/\/casino-site-amp55.top\/tr\/","og_site_name":"casino-site-amp55.top","twitter_card":"summary_large_image","schema":{"@context":"https:\/\/schema.org","@graph":[{"@type":"WebPage","@id":"https:\/\/casino-site-amp55.top\/tr\/","url":"https:\/\/casino-site-amp55.top\/tr\/","name":"1xbet t\u00fcrkiye \u2013 1xbet g\u00fcncel giri\u015f, 1xbet tr mobil uygulama ve bonuslar 2025 versiyonu","isPartOf":{"@id":"https:\/\/casino-site-amp55.top\/#website"},"datePublished":"2025-11-13T10:37:06+00:00","description":"1xbet t\u00fcrkiye resmi sitesi: canl\u0131 bahis, casino, bonuslar ve mobil eri\u015fim. Hemen 1xbet g\u00fcncel giri\u015f yap\u0131n veya 1xbet tr uygulamas\u0131n\u0131 indirip kazan\u0131n ve y\u00fcksek oranl\u0131 bahislerin keyfini g\u00fcvenle \u00e7\u0131kar\u0131n!","inLanguage":"ru-RU","potentialAction":[{"@type":"ReadAction","target":["https:\/\/casino-site-amp55.top\/tr\/"]}]},{"@type":"WebSite","@id":"https:\/\/casino-site-amp55.top\/#website","url":"https:\/\/casino-site-amp55.top\/","name":"casino-site-amp55.top","description":"","potentialAction":[{"@type":"SearchAction","target":{"@type":"EntryPoint","urlTemplate":"https:\/\/casino-site-amp55.top\/?s={search_term_string}"},"query-input":{"@type":"PropertyValueSpecification","valueRequired":true,"valueName":"search_term_string"}}],"inLanguage":"ru-RU"}]}},"amp_enabled":true,"_links":{"self":[{"href":"https:\/\/casino-site-amp55.top\/wp-json\/wp\/v2\/pages\/2171","targetHints":{"allow":["GET"]}}],"collection":[{"href":"https:\/\/casino-site-amp55.top\/wp-json\/wp\/v2\/pages"}],"about":[{"href":"https:\/\/casino-site-amp55.top\/wp-json\/wp\/v2\/types\/page"}],"author":[{"embeddable":true,"href":"https:\/\/casino-site-amp55.top\/wp-json\/wp\/v2\/users\/1"}],"replies":[{"embeddable":true,"href":"https:\/\/casino-site-amp55.top\/wp-json\/wp\/v2\/comments?post=2171"}],"version-history":[{"count":1,"href":"https:\/\/casino-site-amp55.top\/wp-json\/wp\/v2\/pages\/2171\/revisions"}],"predecessor-version":[{"id":2172,"href":"https:\/\/casino-site-amp55.top\/wp-json\/wp\/v2\/pages\/2171\/revisions\/2172"}],"wp:attachment":[{"href":"https:\/\/casino-site-amp55.top\/wp-json\/wp\/v2\/media?parent=2171"}],"curies":[{"name":"wp","href":"https:\/\/api.w.org\/{rel}","templated":true}]}}