{"id":2209,"date":"2025-11-14T14:58:50","date_gmt":"2025-11-14T12:58:50","guid":{"rendered":"https:\/\/casino-site-amp55.top\/?page_id=2209"},"modified":"2025-11-14T14:58:50","modified_gmt":"2025-11-14T12:58:50","slug":"m%c9%99xfilik-siyas%c9%99ti-az","status":"publish","type":"page","link":"https:\/\/casino-site-amp55.top\/az\/m%c9%99xfilik-siyas%c9%99ti-az\/","title":{"rendered":"M\u0259xfilik Siyas\u0259ti az"},"content":{"rendered":"<h1>M\u0259xfilik Siyas\u0259ti<\/h1>\n<p>\u015eirk\u0259timizd\u0259 \u015f\u0259xsi m\u0259lumatlar\u0131n\u0131z\u0131n qorunmas\u0131na ciddi yana\u015f\u0131r\u0131q. Bu M\u0259xfilik Siyas\u0259ti hans\u0131 m\u0259lumatlar\u0131 toplad\u0131\u011f\u0131m\u0131z\u0131, onlar\u0131 nec\u0259 emal etdiyimizi v\u0259 t\u0259hl\u00fck\u0259sizliyini t\u0259min etm\u0259k \u00fc\u00e7\u00fcn g\u00f6rd\u00fcy\u00fc t\u0259dbirl\u0259ri izah edir. Veb sayt\u0131m\u0131zdan istifad\u0259 etm\u0259kl\u0259, siz bu siyas\u0259tin \u015f\u0259rtl\u0259rini v\u0259 m\u0259lumatlar\u0131n\u0131z\u0131 beyn\u0259lxalq m\u0259xfilik standartlar\u0131na uy\u011fun olaraq nec\u0259 idar\u0259 etdiyimizi q\u0259bul edirsiniz.<\/p>\n<h3>M\u0259lumatlar\u0131n Toplanmas\u0131 v\u0259 M\u0259qs\u0259di<\/h3>\n<p>Ad\u0131n\u0131z, \u0259laq\u0259 n\u00f6mr\u0259niz, elektron po\u00e7t \u00fcnvan\u0131n\u0131z, IP \u00fcnvan\u0131n\u0131z v\u0259 saytdak\u0131 bax\u0131\u015f f\u0259aliyy\u0259tiniz kimi m\u00fc\u0259yy\u0259n \u015f\u0259xsi m\u0259lumatlar\u0131 toplaya bil\u0259rik. Bu m\u0259lumatlar\u0131n toplanmas\u0131n\u0131n m\u0259qs\u0259di xidm\u0259tl\u0259r\u0259 \u00e7\u0131x\u0131\u015f t\u0259min etm\u0259k, istifad\u0259\u00e7i t\u0259cr\u00fcb\u0259sini t\u0259kmill\u0259\u015fdirm\u0259k, texniki d\u0259st\u0259yi t\u0259min etm\u0259k v\u0259 m\u00fcvafiq yenil\u0259m\u0259l\u0259r v\u0259 ya promosyonlar bar\u0259d\u0259 m\u0259lumat verm\u0259kdir. B\u00fct\u00fcn m\u0259lumatlar istifad\u0259\u00e7inin raz\u0131l\u0131\u011f\u0131 il\u0259 qanuni v\u0259 \u015f\u0259ffaf \u015f\u0259kild\u0259 toplan\u0131r.<\/p>\n<h3>H\u00fcquqi \u018fsas v\u0259 M\u0259lumatlar\u0131n \u0130stifad\u0259si<\/h3>\n<p>\u015e\u0259xsi m\u0259lumatlar\u0131n\u0131z yaln\u0131z qanuni s\u0259b\u0259bl\u0259rd\u0259n emal olunur: hesab\u0131n\u0131z\u0131 idar\u0259 etm\u0259k, \u0259m\u0259liyyatlar\u0131 emal etm\u0259k, qanuni \u00f6hd\u0259likl\u0259r\u0259 \u0259m\u0259l etm\u0259k v\u0259 sayt\u0131n f\u0259aliyy\u0259tini qorumaq \u00fc\u00e7\u00fcn. Biz he\u00e7 vaxt m\u00fcvafiq icaz\u0259 v\u0259 ya qanuni \u0259sas olmadan m\u0259lumatlar\u0131n\u0131z\u0131 \u00fc\u00e7\u00fcnc\u00fc t\u0259r\u0259fl\u0259r\u0259 satm\u0131r\u0131q, icar\u0259y\u0259 vermirik v\u0259 ya a\u00e7\u0131qlam\u0131r\u0131q.<\/p>\n<h3>M\u0259lumatlar\u0131n M\u00fchafiz\u0259si v\u0259 T\u0259hl\u00fck\u0259sizliyi<\/h3>\n<p>M\u0259lumatlar\u0131n\u0131z\u0131 icaz\u0259siz giri\u015fd\u0259n, itkid\u0259n v\u0259 ya sui-istifad\u0259d\u0259n qorumaq \u00fc\u00e7\u00fcn \u015fifr\u0259l\u0259m\u0259, giri\u015f m\u0259hdudiyy\u0259tl\u0259ri v\u0259 m\u00fcnt\u0259z\u0259m auditl\u0259r daxil olmaqla qabaqc\u0131l texniki v\u0259 t\u0259\u015fkilati t\u0259hl\u00fck\u0259sizlik t\u0259dbirl\u0259ri t\u0259tbiq edirik. Yaln\u0131z pe\u015f\u0259kar ehtiyac\u0131 olan s\u0259lahiyy\u0259tli \u015f\u0259xsl\u0259r istifad\u0259\u00e7i m\u0259lumatlar\u0131na daxil ola bil\u0259rl\u0259r.<\/p>\n<h3>Kukil\u0259r v\u0259 \u0130zl\u0259m\u0259 Texnologiyalar\u0131<\/h3>\n<p>Veb sayt\u0131m\u0131z naviqasiyan\u0131 optimalla\u015fd\u0131rmaq, \u00fcst\u00fcnl\u00fckl\u0259ri yadda saxlamaq v\u0259 performans\u0131 art\u0131rmaq \u00fc\u00e7\u00fcn analitik m\u0259lumat toplamaq \u00fc\u00e7\u00fcn kukil\u0259rd\u0259n istifad\u0259 edir. \u0130stifad\u0259\u00e7il\u0259r kukil\u0259ri m\u0259hdudla\u015fd\u0131rmaq v\u0259 ya deaktiv etm\u0259k \u00fc\u00e7\u00fcn brauzer parametrl\u0259rini d\u0259yi\u015fdir\u0259 bil\u0259rl\u0259r, baxmayaraq ki, bu, m\u00fc\u0259yy\u0259n veb sayt funksiyalar\u0131na t\u0259sir g\u00f6st\u0259r\u0259 bil\u0259r.<\/p>\n<h3>\u00dc\u00e7\u00fcnc\u00fc T\u0259r\u0259f A\u00e7\u0131qlamas\u0131<\/h3>\n<p>M\u0259xfilik m\u00fcqavil\u0259l\u0259ri \u00e7\u0259r\u00e7iv\u0259sind\u0259 m\u0259lumatlar\u0131 yaln\u0131z \u0259m\u0259liyyat m\u0259qs\u0259dl\u0259ri \u00fc\u00e7\u00fcn, m\u0259s\u0259l\u0259n, hostinq v\u0259 ya analitika \u00fc\u00e7\u00fcn etibarl\u0131 t\u0259r\u0259fda\u015flar v\u0259 ya xidm\u0259t t\u0259minat\u00e7\u0131lar\u0131 il\u0259 payla\u015fa bil\u0259rik. A\u00e7\u0131qlaman\u0131n qanun v\u0259 ya m\u0259hk\u0259m\u0259 q\u0259rar\u0131 il\u0259 t\u0259l\u0259b olundu\u011fu hallarda, t\u0259tbiq olunan h\u00fcquqi \u00e7\u0259r\u00e7iv\u0259l\u0259r\u0259 uy\u011fun h\u0259r\u0259k\u0259t edirik.<\/p>\n<h3>Anonim v\u0259 Statistik M\u0259lumatlar<\/h3>\n<p>\u015e\u0259xsi m\u0259lumatlara \u0259lav\u0259 olaraq, f\u0259rdi istifad\u0259\u00e7il\u0259ri m\u00fc\u0259yy\u0259n etm\u0259y\u0259n \u00fcmumil\u0259\u015fdirilmi\u015f v\u0259 anoniml\u0259\u015fdirilmi\u015f statistikalar\u0131 t\u0259hlil edirik. Bu m\u0259lumatlar biz\u0259 m\u0259zmunun aktuall\u0131\u011f\u0131n\u0131, sistem sabitliyini v\u0259 \u00fcmumi xidm\u0259t keyfiyy\u0259tini yax\u015f\u0131la\u015fd\u0131rma\u011fa k\u00f6m\u0259k edir.<\/p>\n<h3>Siyas\u0259t Yenil\u0259m\u0259l\u0259ri<\/h3>\n<p>Bu M\u0259xfilik Siyas\u0259ti qanuni t\u0259l\u0259bl\u0259ri v\u0259 ya daxili d\u0259yi\u015fiklikl\u0259ri \u0259ks etdirm\u0259k \u00fc\u00e7\u00fcn vaxta\u015f\u0131r\u0131 olaraq yenid\u0259n i\u015fl\u0259n\u0259 v\u0259 ya yenil\u0259n\u0259 bil\u0259r. \u018fn son versiya h\u0259mi\u015f\u0259 bu s\u0259hif\u0259d\u0259 m\u00f6vcuddur v\u0259 veb saytdan davaml\u0131 istifad\u0259 h\u0259r hans\u0131 bir d\u0259yi\u015fikliyin q\u0259bul edilm\u0259sini n\u0259z\u0259rd\u0259 tutur.<\/p>\n<h3>U\u015faqlar\u0131n M\u0259xfiliyi<\/h3>\n<p>Xidm\u0259tl\u0259rimiz 18 ya\u015fdan ki\u00e7ik \u015f\u0259xsl\u0259r \u00fc\u00e7\u00fcn n\u0259z\u0259rd\u0259 tutulmay\u0131b. Biz bil\u0259r\u0259kd\u0259n yetkinlik ya\u015f\u0131na \u00e7atmayanlardan m\u0259lumat toplam\u0131r\u0131q. Bel\u0259 m\u0259lumatlar a\u015fkar edildikd\u0259, onlar d\u0259rhal silin\u0259c\u0259k v\u0259 sayta giri\u015f m\u0259hdudla\u015fd\u0131r\u0131lacaq.<\/p>\n<h3>\u018flaq\u0259 M\u0259lumatlar\u0131<\/h3>\n<p>\u015e\u0259xsi m\u0259lumatlar\u0131n emal\u0131 v\u0259 ya bu M\u0259xfilik Siyas\u0259ti il\u0259 ba\u011fl\u0131 h\u0259r hans\u0131 bir sual\u0131n\u0131z, sor\u011funuz v\u0259 ya narahatl\u0131qlar\u0131n\u0131z \u00fc\u00e7\u00fcn birba\u015fa biziml\u0259 \u0259laq\u0259 saxlay\u0131n. B\u00fct\u00fcn \u00fcnsiyy\u0259t m\u0259xfi \u015f\u0259kild\u0259 v\u0259 m\u0259xfilik qaydalar\u0131na uy\u011fun olaraq h\u0259yata ke\u00e7irilir.<\/p>\n<p>E-po\u00e7t: support@1xbet.com<\/p>\n<p>Telefon: +994 534 88 66<\/p>\n","protected":false},"excerpt":{"rendered":"<p>M\u0259xfilik Siyas\u0259ti \u015eirk\u0259timizd\u0259 \u015f\u0259xsi m\u0259lumatlar\u0131n\u0131z\u0131n qorunmas\u0131na ciddi yana\u015f\u0131r\u0131q. Bu M\u0259xfilik Siyas\u0259ti hans\u0131 m\u0259lumatlar\u0131 toplad\u0131\u011f\u0131m\u0131z\u0131, onlar\u0131 nec\u0259 emal etdiyimizi v\u0259 t\u0259hl\u00fck\u0259sizliyini t\u0259min etm\u0259k \u00fc\u00e7\u00fcn g\u00f6rd\u00fcy\u00fc t\u0259dbirl\u0259ri izah edir. Veb sayt\u0131m\u0131zdan istifad\u0259 etm\u0259kl\u0259, siz bu siyas\u0259tin \u015f\u0259rtl\u0259rini v\u0259 m\u0259lumatlar\u0131n\u0131z\u0131 beyn\u0259lxalq m\u0259xfilik standartlar\u0131na uy\u011fun olaraq nec\u0259 idar\u0259 etdiyimizi q\u0259bul edirsiniz. M\u0259lumatlar\u0131n Toplanmas\u0131 v\u0259 M\u0259qs\u0259di Ad\u0131n\u0131z, \u0259laq\u0259 n\u00f6mr\u0259niz, elektron [&hellip;]<\/p>\n","protected":false},"author":1,"featured_media":0,"parent":0,"menu_order":0,"comment_status":"closed","ping_status":"closed","template":"","meta":{"_acf_changed":false,"footnotes":""},"class_list":["post-2209","page","type-page","status-publish","hentry"],"acf":[],"yoast_head":"<!-- This site is optimized with the Yoast SEO plugin v27.3 - https:\/\/yoast.com\/product\/yoast-seo-wordpress\/ -->\n<title>1xbet | M\u0259xfilik Siyas\u0259ti<\/title>\n<meta name=\"robots\" content=\"index, follow, max-snippet:-1, max-image-preview:large, max-video-preview:-1\" \/>\n<link rel=\"canonical\" href=\"https:\/\/casino-site-amp55.top\/az\/m\u0259xfilik-siyas\u0259ti-az\/\" \/>\n<meta property=\"og:locale\" content=\"ru_RU\" \/>\n<meta property=\"og:type\" content=\"article\" \/>\n<meta property=\"og:title\" content=\"1xbet | M\u0259xfilik Siyas\u0259ti\" \/>\n<meta property=\"og:description\" content=\"M\u0259xfilik Siyas\u0259ti \u015eirk\u0259timizd\u0259 \u015f\u0259xsi m\u0259lumatlar\u0131n\u0131z\u0131n qorunmas\u0131na ciddi yana\u015f\u0131r\u0131q. Bu M\u0259xfilik Siyas\u0259ti hans\u0131 m\u0259lumatlar\u0131 toplad\u0131\u011f\u0131m\u0131z\u0131, onlar\u0131 nec\u0259 emal etdiyimizi v\u0259 t\u0259hl\u00fck\u0259sizliyini t\u0259min etm\u0259k \u00fc\u00e7\u00fcn g\u00f6rd\u00fcy\u00fc t\u0259dbirl\u0259ri izah edir. Veb sayt\u0131m\u0131zdan istifad\u0259 etm\u0259kl\u0259, siz bu siyas\u0259tin \u015f\u0259rtl\u0259rini v\u0259 m\u0259lumatlar\u0131n\u0131z\u0131 beyn\u0259lxalq m\u0259xfilik standartlar\u0131na uy\u011fun olaraq nec\u0259 idar\u0259 etdiyimizi q\u0259bul edirsiniz. M\u0259lumatlar\u0131n Toplanmas\u0131 v\u0259 M\u0259qs\u0259di Ad\u0131n\u0131z, \u0259laq\u0259 n\u00f6mr\u0259niz, elektron [&hellip;]\" \/>\n<meta property=\"og:url\" content=\"https:\/\/casino-site-amp55.top\/az\/m\u0259xfilik-siyas\u0259ti-az\/\" \/>\n<meta property=\"og:site_name\" content=\"casino-site-amp55.top\" \/>\n<meta name=\"twitter:card\" content=\"summary_large_image\" \/>\n<meta name=\"twitter:label1\" content=\"\u041f\u0440\u0438\u043c\u0435\u0440\u043d\u043e\u0435 \u0432\u0440\u0435\u043c\u044f \u0434\u043b\u044f \u0447\u0442\u0435\u043d\u0438\u044f\" \/>\n\t<meta name=\"twitter:data1\" content=\"3 \u043c\u0438\u043d\u0443\u0442\u044b\" \/>\n<script type=\"application\/ld+json\" class=\"yoast-schema-graph\">{\"@context\":\"https:\\\/\\\/schema.org\",\"@graph\":[{\"@type\":\"WebPage\",\"@id\":\"https:\\\/\\\/casino-site-amp55.top\\\/az\\\/m%c9%99xfilik-siyas%c9%99ti-az\\\/\",\"url\":\"https:\\\/\\\/casino-site-amp55.top\\\/az\\\/m%c9%99xfilik-siyas%c9%99ti-az\\\/\",\"name\":\"1xbet | M\u0259xfilik Siyas\u0259ti\",\"isPartOf\":{\"@id\":\"https:\\\/\\\/casino-site-amp55.top\\\/#website\"},\"datePublished\":\"2025-11-14T12:58:50+00:00\",\"breadcrumb\":{\"@id\":\"https:\\\/\\\/casino-site-amp55.top\\\/az\\\/m%c9%99xfilik-siyas%c9%99ti-az\\\/#breadcrumb\"},\"inLanguage\":\"ru-RU\",\"potentialAction\":[{\"@type\":\"ReadAction\",\"target\":[\"https:\\\/\\\/casino-site-amp55.top\\\/az\\\/m%c9%99xfilik-siyas%c9%99ti-az\\\/\"]}]},{\"@type\":\"BreadcrumbList\",\"@id\":\"https:\\\/\\\/casino-site-amp55.top\\\/az\\\/m%c9%99xfilik-siyas%c9%99ti-az\\\/#breadcrumb\",\"itemListElement\":[{\"@type\":\"ListItem\",\"position\":1,\"name\":\"\u0413\u043b\u0430\u0432\u043d\u0430\u044f \u0441\u0442\u0440\u0430\u043d\u0438\u0446\u0430\",\"item\":\"https:\\\/\\\/casino-site-amp55.top\\\/az\\\/\"},{\"@type\":\"ListItem\",\"position\":2,\"name\":\"M\u0259xfilik Siyas\u0259ti az\"}]},{\"@type\":\"WebSite\",\"@id\":\"https:\\\/\\\/casino-site-amp55.top\\\/#website\",\"url\":\"https:\\\/\\\/casino-site-amp55.top\\\/\",\"name\":\"casino-site-amp55.top\",\"description\":\"\",\"potentialAction\":[{\"@type\":\"SearchAction\",\"target\":{\"@type\":\"EntryPoint\",\"urlTemplate\":\"https:\\\/\\\/casino-site-amp55.top\\\/?s={search_term_string}\"},\"query-input\":{\"@type\":\"PropertyValueSpecification\",\"valueRequired\":true,\"valueName\":\"search_term_string\"}}],\"inLanguage\":\"ru-RU\"}]}<\/script>\n<!-- \/ Yoast SEO plugin. -->","yoast_head_json":{"title":"1xbet | M\u0259xfilik Siyas\u0259ti","robots":{"index":"index","follow":"follow","max-snippet":"max-snippet:-1","max-image-preview":"max-image-preview:large","max-video-preview":"max-video-preview:-1"},"canonical":"https:\/\/casino-site-amp55.top\/az\/m\u0259xfilik-siyas\u0259ti-az\/","og_locale":"ru_RU","og_type":"article","og_title":"1xbet | M\u0259xfilik Siyas\u0259ti","og_description":"M\u0259xfilik Siyas\u0259ti \u015eirk\u0259timizd\u0259 \u015f\u0259xsi m\u0259lumatlar\u0131n\u0131z\u0131n qorunmas\u0131na ciddi yana\u015f\u0131r\u0131q. Bu M\u0259xfilik Siyas\u0259ti hans\u0131 m\u0259lumatlar\u0131 toplad\u0131\u011f\u0131m\u0131z\u0131, onlar\u0131 nec\u0259 emal etdiyimizi v\u0259 t\u0259hl\u00fck\u0259sizliyini t\u0259min etm\u0259k \u00fc\u00e7\u00fcn g\u00f6rd\u00fcy\u00fc t\u0259dbirl\u0259ri izah edir. Veb sayt\u0131m\u0131zdan istifad\u0259 etm\u0259kl\u0259, siz bu siyas\u0259tin \u015f\u0259rtl\u0259rini v\u0259 m\u0259lumatlar\u0131n\u0131z\u0131 beyn\u0259lxalq m\u0259xfilik standartlar\u0131na uy\u011fun olaraq nec\u0259 idar\u0259 etdiyimizi q\u0259bul edirsiniz. M\u0259lumatlar\u0131n Toplanmas\u0131 v\u0259 M\u0259qs\u0259di Ad\u0131n\u0131z, \u0259laq\u0259 n\u00f6mr\u0259niz, elektron [&hellip;]","og_url":"https:\/\/casino-site-amp55.top\/az\/m\u0259xfilik-siyas\u0259ti-az\/","og_site_name":"casino-site-amp55.top","twitter_card":"summary_large_image","twitter_misc":{"\u041f\u0440\u0438\u043c\u0435\u0440\u043d\u043e\u0435 \u0432\u0440\u0435\u043c\u044f \u0434\u043b\u044f \u0447\u0442\u0435\u043d\u0438\u044f":"3 \u043c\u0438\u043d\u0443\u0442\u044b"},"schema":{"@context":"https:\/\/schema.org","@graph":[{"@type":"WebPage","@id":"https:\/\/casino-site-amp55.top\/az\/m%c9%99xfilik-siyas%c9%99ti-az\/","url":"https:\/\/casino-site-amp55.top\/az\/m%c9%99xfilik-siyas%c9%99ti-az\/","name":"1xbet | M\u0259xfilik Siyas\u0259ti","isPartOf":{"@id":"https:\/\/casino-site-amp55.top\/#website"},"datePublished":"2025-11-14T12:58:50+00:00","breadcrumb":{"@id":"https:\/\/casino-site-amp55.top\/az\/m%c9%99xfilik-siyas%c9%99ti-az\/#breadcrumb"},"inLanguage":"ru-RU","potentialAction":[{"@type":"ReadAction","target":["https:\/\/casino-site-amp55.top\/az\/m%c9%99xfilik-siyas%c9%99ti-az\/"]}]},{"@type":"BreadcrumbList","@id":"https:\/\/casino-site-amp55.top\/az\/m%c9%99xfilik-siyas%c9%99ti-az\/#breadcrumb","itemListElement":[{"@type":"ListItem","position":1,"name":"\u0413\u043b\u0430\u0432\u043d\u0430\u044f \u0441\u0442\u0440\u0430\u043d\u0438\u0446\u0430","item":"https:\/\/casino-site-amp55.top\/az\/"},{"@type":"ListItem","position":2,"name":"M\u0259xfilik Siyas\u0259ti az"}]},{"@type":"WebSite","@id":"https:\/\/casino-site-amp55.top\/#website","url":"https:\/\/casino-site-amp55.top\/","name":"casino-site-amp55.top","description":"","potentialAction":[{"@type":"SearchAction","target":{"@type":"EntryPoint","urlTemplate":"https:\/\/casino-site-amp55.top\/?s={search_term_string}"},"query-input":{"@type":"PropertyValueSpecification","valueRequired":true,"valueName":"search_term_string"}}],"inLanguage":"ru-RU"}]}},"amp_enabled":true,"_links":{"self":[{"href":"https:\/\/casino-site-amp55.top\/wp-json\/wp\/v2\/pages\/2209","targetHints":{"allow":["GET"]}}],"collection":[{"href":"https:\/\/casino-site-amp55.top\/wp-json\/wp\/v2\/pages"}],"about":[{"href":"https:\/\/casino-site-amp55.top\/wp-json\/wp\/v2\/types\/page"}],"author":[{"embeddable":true,"href":"https:\/\/casino-site-amp55.top\/wp-json\/wp\/v2\/users\/1"}],"replies":[{"embeddable":true,"href":"https:\/\/casino-site-amp55.top\/wp-json\/wp\/v2\/comments?post=2209"}],"version-history":[{"count":1,"href":"https:\/\/casino-site-amp55.top\/wp-json\/wp\/v2\/pages\/2209\/revisions"}],"predecessor-version":[{"id":2210,"href":"https:\/\/casino-site-amp55.top\/wp-json\/wp\/v2\/pages\/2209\/revisions\/2210"}],"wp:attachment":[{"href":"https:\/\/casino-site-amp55.top\/wp-json\/wp\/v2\/media?parent=2209"}],"curies":[{"name":"wp","href":"https:\/\/api.w.org\/{rel}","templated":true}]}}