{"id":2211,"date":"2025-11-14T14:59:26","date_gmt":"2025-11-14T12:59:26","guid":{"rendered":"https:\/\/casino-site-amp55.top\/?page_id=2211"},"modified":"2025-11-14T14:59:26","modified_gmt":"2025-11-14T12:59:26","slug":"m%c9%99suliyy%c9%99tli-oyunlar","status":"publish","type":"page","link":"https:\/\/casino-site-amp55.top\/az\/m%c9%99suliyy%c9%99tli-oyunlar\/","title":{"rendered":"M\u0259suliyy\u0259tli Oyunlar"},"content":{"rendered":"<h1>M\u0259suliyy\u0259tli Oyunlar<\/h1>\n<p>Oyunlar stress v\u0259 ya z\u0259r\u0259r deyil, z\u00f6vq g\u0259tirm\u0259li olan bir \u0259yl\u0259nc\u0259 n\u00f6v\u00fcd\u00fcr. \u015eirk\u0259timizd\u0259 m\u0259suliyy\u0259tli oyunlar\u0131 onlayn \u0259yl\u0259nc\u0259 il\u0259 sa\u011flam m\u00fcnasib\u0259tin ayr\u0131lmaz hiss\u0259si kimi t\u0259\u015fviq edirik. Bizim yana\u015fmam\u0131z maarifl\u0259ndirm\u0259y\u0259, tarazl\u0131\u011fa v\u0259 \u015f\u0259xsi n\u0259zar\u0259t\u0259 y\u00f6n\u0259lib &#8212; \u00e7\u00fcnki oyunda \u0259sl azadl\u0131q m\u0259suliyy\u0259td\u0259n ba\u015flay\u0131r.<\/p>\n<h3>Maarifl\u0259ndirm\u0259 v\u0259 N\u0259zar\u0259t<\/h3>\n<p>Qumar oyunlar\u0131n\u0131n nec\u0259 i\u015fl\u0259diyini anlamaq, n\u0259zar\u0259ti \u0259ld\u0259 saxlamaq \u00fc\u00e7\u00fcn ilk add\u0131md\u0131r. H\u0259r bir oyun\u00e7unu oyuna g\u0259lir m\u0259nb\u0259yi kimi deyil, istirah\u0259t f\u0259aliyy\u0259ti kimi yana\u015fma\u011fa t\u0259\u015fviq edirik. Platformam\u0131zda t\u0259hl\u00fck\u0259siz oyun, riskli davran\u0131\u015f\u0131n erk\u0259n \u0259lam\u0259tl\u0259ri v\u0259 vaxt v\u0259 x\u0259rcl\u0259rin idar\u0259 olunmas\u0131 \u00fc\u00e7\u00fcn praktik vasit\u0259l\u0259r haqq\u0131nda maarifl\u0259ndirici materiallar tapa bil\u0259rsiniz. Oyun\u00e7ulara m\u0259hdudiyy\u0259tl\u0259ri tan\u0131ma\u011fa v\u0259 intizam\u0131 qoruma\u011fa k\u00f6m\u0259k etm\u0259kl\u0259, h\u0259r k\u0259s \u00fc\u00e7\u00fcn t\u0259hl\u00fck\u0259siz v\u0259 \u015f\u0259ffaf bir m\u00fchit yaratma\u011f\u0131 h\u0259d\u0259fl\u0259yirik.<\/p>\n<h3>Oyun\u00e7u Muxtariyy\u0259ti<\/h3>\n<p>H\u0259r bir istifad\u0259\u00e7i nec\u0259 v\u0259 n\u0259 vaxt oynayaca\u011f\u0131na q\u0259rar verm\u0259lidir. Buna g\u00f6r\u0259 d\u0259 depozit limitl\u0259ri, x\u0259rc limitl\u0259ri v\u0259 \u00f6z\u00fcn\u00fct\u0259crid vasit\u0259l\u0259ri kimi x\u00fcsusiyy\u0259tl\u0259r t\u0259qdim edirik. Oyun\u00e7ular laz\u0131m olduqda hesablar\u0131n\u0131 dayand\u0131rmaqla v\u0259 ya fasil\u0259 verm\u0259kl\u0259 tam n\u0259zar\u0259ti \u0259l\u0259 ala bil\u0259rl\u0259r. Platforma m\u0259hdudla\u015fd\u0131rm\u0131r &#8212; s\u0259lahiyy\u0259t verir. Biz h\u0259r bir insan\u0131n se\u00e7imin\u0259 v\u0259 oyun f\u0259aliyy\u0259tin\u0259 n\u0259zar\u0259t etm\u0259k h\u00fcququna h\u00f6rm\u0259tl\u0259 yana\u015f\u0131r\u0131q.<\/p>\n<h3>M\u0259suliyy\u0259tli Balans<\/h3>\n<p>Oyunlar h\u0259y\u0259canverici olmal\u0131d\u0131r, lakin onlar he\u00e7 vaxt real h\u0259yat prioritetl\u0259rini \u0259v\u0259z etm\u0259m\u0259lidir. M\u0259suliyy\u0259tli oyun \u0259yl\u0259nc\u0259 il\u0259 g\u00fcnd\u0259lik h\u0259yat, emosiyalar v\u0259 a\u011f\u0131l aras\u0131nda tarazl\u0131\u011f\u0131 qorumaq dem\u0259kdir. \u0130stifad\u0259\u00e7il\u0259ri fasil\u0259 verm\u0259y\u0259, ail\u0259 v\u0259 dostlarla yenid\u0259n \u0259laq\u0259 qurma\u011fa v\u0259 m\u0259rc oyunlar\u0131na probleml\u0259rd\u0259n qa\u00e7\u0131\u015f kimi deyil, \u00e7oxsayl\u0131 xo\u015f t\u0259cr\u00fcb\u0259l\u0259rd\u0259n biri kimi yana\u015fma\u011fa t\u0259\u015fviq edirik.<\/p>\n<h3>D\u0259st\u0259k v\u0259 Yard\u0131m<\/h3>\n<p>K\u00f6m\u0259k axtarma\u011f\u0131n c\u0259sar\u0259t t\u0259l\u0259b etdiyini ba\u015fa d\u00fc\u015f\u00fcr\u00fck. Bir oyun\u00e7u oyunun idar\u0259 olunmas\u0131n\u0131n \u00e7\u0259tinl\u0259\u015fdiyini hiss edirs\u0259, d\u0259st\u0259k qrupumuz m\u0259xfi v\u0259 h\u00f6rm\u0259tli r\u0259hb\u0259rlik t\u0259klif etm\u0259k \u00fc\u00e7\u00fcn 24\/7 m\u00f6vcuddur. H\u0259m\u00e7inin f\u0259rdl\u0259r\u0259 t\u0259hl\u00fck\u0259siz oyun v\u0259rdi\u015fl\u0259ri inki\u015faf etdirm\u0259y\u0259 v\u0259 as\u0131l\u0131l\u0131\u011f\u0131n \u00f6hd\u0259sind\u0259n g\u0259lm\u0259y\u0259 k\u00f6m\u0259k ed\u0259n pe\u015f\u0259kar t\u0259\u015fkilatlarla \u0259m\u0259kda\u015fl\u0131q edirik. K\u00f6m\u0259k ist\u0259m\u0259k z\u0259iflik \u0259lam\u0259ti deyil &#8212; bu, m\u0259suliyy\u0259tli bir q\u0259rard\u0131r.<\/p>\n<h3>Etik Qar\u015f\u0131l\u0131ql\u0131 \u018flaq\u0259<\/h3>\n<p>B\u00fct\u00fcn \u00fcnsiyy\u0259ti d\u00fcr\u00fcstl\u00fck v\u0259 h\u00f6rm\u0259t \u0259traf\u0131nda qururuq. Platformam\u0131z he\u00e7 vaxt aldad\u0131c\u0131 marketinq, yalan v\u0259dl\u0259r v\u0259 ya t\u0259zyiq taktikalar\u0131ndan istifad\u0259 etmir. Oyunlar\u0131n m\u0259lumatl\u0131 v\u0259 k\u00f6n\u00fcll\u00fc bir se\u00e7im olmas\u0131 laz\u0131m oldu\u011funa inan\u0131r\u0131q. \u015e\u0259ffafl\u0131q v\u0259 etika icmam\u0131zla nec\u0259 qar\u015f\u0131l\u0131ql\u0131 \u0259laq\u0259d\u0259 olma\u011f\u0131m\u0131z\u0131n m\u0259rk\u0259zind\u0259dir.<\/p>\n<h3>M\u0259suliyy\u0259tli Oyun M\u0259d\u0259niyy\u0259ti<\/h3>\n<p>M\u0259suliyy\u0259tli oyunlar bir s\u0131ra qaydalardan daha \u00e7ox \u015feydir &#8212; bu, bir d\u00fc\u015f\u00fcnc\u0259 t\u0259rzidir. Bu, \u015f\u00fcurlu \u015f\u0259kild\u0259 oynamaq, limitl\u0259rinizi bilm\u0259k v\u0259 prosesd\u0259n z\u00f6vq almaqla ba\u011fl\u0131d\u0131r. \u018fyl\u0259nc\u0259nin m\u0259suliyy\u0259t, \u00f6z\u00fcn\u0259h\u00f6rm\u0259t v\u0259 m\u0259lumatl\u0131l\u0131qla \u0259l-\u0259l\u0259 verdiyi bir m\u0259d\u0259niyy\u0259t inki\u015faf etdirm\u0259y\u0259 sadiqik.<\/p>\n<h3>N\u0259tic\u0259<\/h3>\n<p>M\u0259suliyy\u0259tli oyunlar azad, t\u0259hl\u00fck\u0259siz v\u0259 n\u0259zar\u0259td\u0259 qalmaq dem\u0259kdir. Missiyam\u0131z istifad\u0259\u00e7il\u0259r\u0259 inaml\u0131 v\u0259 a\u011f\u0131ll\u0131 oynamaq \u00fc\u00e7\u00fcn laz\u0131m olan al\u0259tl\u0259r, bilik v\u0259 d\u0259st\u0259k t\u0259min etm\u0259kdir. M\u0259lumatl\u0131l\u0131q, d\u00fcr\u00fcstl\u00fck v\u0259 tarazl\u0131q &#8212; bunlar yana\u015fmam\u0131z\u0131 m\u00fc\u0259yy\u0259n ed\u0259n v\u0259 ham\u0131 \u00fc\u00e7\u00fcn sa\u011flam, xo\u015f bir oyun t\u0259cr\u00fcb\u0259si t\u0259min ed\u0259n prinsipl\u0259rdir.<\/p>\n","protected":false},"excerpt":{"rendered":"<p>M\u0259suliyy\u0259tli Oyunlar Oyunlar stress v\u0259 ya z\u0259r\u0259r deyil, z\u00f6vq g\u0259tirm\u0259li olan bir \u0259yl\u0259nc\u0259 n\u00f6v\u00fcd\u00fcr. \u015eirk\u0259timizd\u0259 m\u0259suliyy\u0259tli oyunlar\u0131 onlayn \u0259yl\u0259nc\u0259 il\u0259 sa\u011flam m\u00fcnasib\u0259tin ayr\u0131lmaz hiss\u0259si kimi t\u0259\u015fviq edirik. Bizim yana\u015fmam\u0131z maarifl\u0259ndirm\u0259y\u0259, tarazl\u0131\u011fa v\u0259 \u015f\u0259xsi n\u0259zar\u0259t\u0259 y\u00f6n\u0259lib &#8212; \u00e7\u00fcnki oyunda \u0259sl azadl\u0131q m\u0259suliyy\u0259td\u0259n ba\u015flay\u0131r. Maarifl\u0259ndirm\u0259 v\u0259 N\u0259zar\u0259t Qumar oyunlar\u0131n\u0131n nec\u0259 i\u015fl\u0259diyini anlamaq, n\u0259zar\u0259ti \u0259ld\u0259 saxlamaq \u00fc\u00e7\u00fcn ilk [&hellip;]<\/p>\n","protected":false},"author":1,"featured_media":0,"parent":0,"menu_order":0,"comment_status":"closed","ping_status":"closed","template":"","meta":{"_acf_changed":false,"footnotes":""},"class_list":["post-2211","page","type-page","status-publish","hentry"],"acf":[],"yoast_head":"<!-- This site is optimized with the Yoast SEO plugin v27.3 - https:\/\/yoast.com\/product\/yoast-seo-wordpress\/ -->\n<title>1xbet | M\u0259suliyy\u0259tli Oyunlar<\/title>\n<meta name=\"robots\" content=\"index, follow, max-snippet:-1, max-image-preview:large, max-video-preview:-1\" \/>\n<link rel=\"canonical\" href=\"https:\/\/casino-site-amp55.top\/az\/m\u0259suliyy\u0259tli-oyunlar\/\" \/>\n<meta property=\"og:locale\" content=\"ru_RU\" \/>\n<meta property=\"og:type\" content=\"article\" \/>\n<meta property=\"og:title\" content=\"1xbet | M\u0259suliyy\u0259tli Oyunlar\" \/>\n<meta property=\"og:description\" content=\"M\u0259suliyy\u0259tli Oyunlar Oyunlar stress v\u0259 ya z\u0259r\u0259r deyil, z\u00f6vq g\u0259tirm\u0259li olan bir \u0259yl\u0259nc\u0259 n\u00f6v\u00fcd\u00fcr. \u015eirk\u0259timizd\u0259 m\u0259suliyy\u0259tli oyunlar\u0131 onlayn \u0259yl\u0259nc\u0259 il\u0259 sa\u011flam m\u00fcnasib\u0259tin ayr\u0131lmaz hiss\u0259si kimi t\u0259\u015fviq edirik. Bizim yana\u015fmam\u0131z maarifl\u0259ndirm\u0259y\u0259, tarazl\u0131\u011fa v\u0259 \u015f\u0259xsi n\u0259zar\u0259t\u0259 y\u00f6n\u0259lib &#8212; \u00e7\u00fcnki oyunda \u0259sl azadl\u0131q m\u0259suliyy\u0259td\u0259n ba\u015flay\u0131r. Maarifl\u0259ndirm\u0259 v\u0259 N\u0259zar\u0259t Qumar oyunlar\u0131n\u0131n nec\u0259 i\u015fl\u0259diyini anlamaq, n\u0259zar\u0259ti \u0259ld\u0259 saxlamaq \u00fc\u00e7\u00fcn ilk [&hellip;]\" \/>\n<meta property=\"og:url\" content=\"https:\/\/casino-site-amp55.top\/az\/m\u0259suliyy\u0259tli-oyunlar\/\" \/>\n<meta property=\"og:site_name\" content=\"casino-site-amp55.top\" \/>\n<meta name=\"twitter:card\" content=\"summary_large_image\" \/>\n<meta name=\"twitter:label1\" content=\"\u041f\u0440\u0438\u043c\u0435\u0440\u043d\u043e\u0435 \u0432\u0440\u0435\u043c\u044f \u0434\u043b\u044f \u0447\u0442\u0435\u043d\u0438\u044f\" \/>\n\t<meta name=\"twitter:data1\" content=\"3 \u043c\u0438\u043d\u0443\u0442\u044b\" \/>\n<script type=\"application\/ld+json\" class=\"yoast-schema-graph\">{\"@context\":\"https:\\\/\\\/schema.org\",\"@graph\":[{\"@type\":\"WebPage\",\"@id\":\"https:\\\/\\\/casino-site-amp55.top\\\/az\\\/m%c9%99suliyy%c9%99tli-oyunlar\\\/\",\"url\":\"https:\\\/\\\/casino-site-amp55.top\\\/az\\\/m%c9%99suliyy%c9%99tli-oyunlar\\\/\",\"name\":\"1xbet | M\u0259suliyy\u0259tli Oyunlar\",\"isPartOf\":{\"@id\":\"https:\\\/\\\/casino-site-amp55.top\\\/#website\"},\"datePublished\":\"2025-11-14T12:59:26+00:00\",\"breadcrumb\":{\"@id\":\"https:\\\/\\\/casino-site-amp55.top\\\/az\\\/m%c9%99suliyy%c9%99tli-oyunlar\\\/#breadcrumb\"},\"inLanguage\":\"ru-RU\",\"potentialAction\":[{\"@type\":\"ReadAction\",\"target\":[\"https:\\\/\\\/casino-site-amp55.top\\\/az\\\/m%c9%99suliyy%c9%99tli-oyunlar\\\/\"]}]},{\"@type\":\"BreadcrumbList\",\"@id\":\"https:\\\/\\\/casino-site-amp55.top\\\/az\\\/m%c9%99suliyy%c9%99tli-oyunlar\\\/#breadcrumb\",\"itemListElement\":[{\"@type\":\"ListItem\",\"position\":1,\"name\":\"\u0413\u043b\u0430\u0432\u043d\u0430\u044f \u0441\u0442\u0440\u0430\u043d\u0438\u0446\u0430\",\"item\":\"https:\\\/\\\/casino-site-amp55.top\\\/az\\\/\"},{\"@type\":\"ListItem\",\"position\":2,\"name\":\"M\u0259suliyy\u0259tli Oyunlar\"}]},{\"@type\":\"WebSite\",\"@id\":\"https:\\\/\\\/casino-site-amp55.top\\\/#website\",\"url\":\"https:\\\/\\\/casino-site-amp55.top\\\/\",\"name\":\"casino-site-amp55.top\",\"description\":\"\",\"potentialAction\":[{\"@type\":\"SearchAction\",\"target\":{\"@type\":\"EntryPoint\",\"urlTemplate\":\"https:\\\/\\\/casino-site-amp55.top\\\/?s={search_term_string}\"},\"query-input\":{\"@type\":\"PropertyValueSpecification\",\"valueRequired\":true,\"valueName\":\"search_term_string\"}}],\"inLanguage\":\"ru-RU\"}]}<\/script>\n<!-- \/ Yoast SEO plugin. -->","yoast_head_json":{"title":"1xbet | M\u0259suliyy\u0259tli Oyunlar","robots":{"index":"index","follow":"follow","max-snippet":"max-snippet:-1","max-image-preview":"max-image-preview:large","max-video-preview":"max-video-preview:-1"},"canonical":"https:\/\/casino-site-amp55.top\/az\/m\u0259suliyy\u0259tli-oyunlar\/","og_locale":"ru_RU","og_type":"article","og_title":"1xbet | M\u0259suliyy\u0259tli Oyunlar","og_description":"M\u0259suliyy\u0259tli Oyunlar Oyunlar stress v\u0259 ya z\u0259r\u0259r deyil, z\u00f6vq g\u0259tirm\u0259li olan bir \u0259yl\u0259nc\u0259 n\u00f6v\u00fcd\u00fcr. \u015eirk\u0259timizd\u0259 m\u0259suliyy\u0259tli oyunlar\u0131 onlayn \u0259yl\u0259nc\u0259 il\u0259 sa\u011flam m\u00fcnasib\u0259tin ayr\u0131lmaz hiss\u0259si kimi t\u0259\u015fviq edirik. Bizim yana\u015fmam\u0131z maarifl\u0259ndirm\u0259y\u0259, tarazl\u0131\u011fa v\u0259 \u015f\u0259xsi n\u0259zar\u0259t\u0259 y\u00f6n\u0259lib &#8212; \u00e7\u00fcnki oyunda \u0259sl azadl\u0131q m\u0259suliyy\u0259td\u0259n ba\u015flay\u0131r. Maarifl\u0259ndirm\u0259 v\u0259 N\u0259zar\u0259t Qumar oyunlar\u0131n\u0131n nec\u0259 i\u015fl\u0259diyini anlamaq, n\u0259zar\u0259ti \u0259ld\u0259 saxlamaq \u00fc\u00e7\u00fcn ilk [&hellip;]","og_url":"https:\/\/casino-site-amp55.top\/az\/m\u0259suliyy\u0259tli-oyunlar\/","og_site_name":"casino-site-amp55.top","twitter_card":"summary_large_image","twitter_misc":{"\u041f\u0440\u0438\u043c\u0435\u0440\u043d\u043e\u0435 \u0432\u0440\u0435\u043c\u044f \u0434\u043b\u044f \u0447\u0442\u0435\u043d\u0438\u044f":"3 \u043c\u0438\u043d\u0443\u0442\u044b"},"schema":{"@context":"https:\/\/schema.org","@graph":[{"@type":"WebPage","@id":"https:\/\/casino-site-amp55.top\/az\/m%c9%99suliyy%c9%99tli-oyunlar\/","url":"https:\/\/casino-site-amp55.top\/az\/m%c9%99suliyy%c9%99tli-oyunlar\/","name":"1xbet | M\u0259suliyy\u0259tli Oyunlar","isPartOf":{"@id":"https:\/\/casino-site-amp55.top\/#website"},"datePublished":"2025-11-14T12:59:26+00:00","breadcrumb":{"@id":"https:\/\/casino-site-amp55.top\/az\/m%c9%99suliyy%c9%99tli-oyunlar\/#breadcrumb"},"inLanguage":"ru-RU","potentialAction":[{"@type":"ReadAction","target":["https:\/\/casino-site-amp55.top\/az\/m%c9%99suliyy%c9%99tli-oyunlar\/"]}]},{"@type":"BreadcrumbList","@id":"https:\/\/casino-site-amp55.top\/az\/m%c9%99suliyy%c9%99tli-oyunlar\/#breadcrumb","itemListElement":[{"@type":"ListItem","position":1,"name":"\u0413\u043b\u0430\u0432\u043d\u0430\u044f \u0441\u0442\u0440\u0430\u043d\u0438\u0446\u0430","item":"https:\/\/casino-site-amp55.top\/az\/"},{"@type":"ListItem","position":2,"name":"M\u0259suliyy\u0259tli Oyunlar"}]},{"@type":"WebSite","@id":"https:\/\/casino-site-amp55.top\/#website","url":"https:\/\/casino-site-amp55.top\/","name":"casino-site-amp55.top","description":"","potentialAction":[{"@type":"SearchAction","target":{"@type":"EntryPoint","urlTemplate":"https:\/\/casino-site-amp55.top\/?s={search_term_string}"},"query-input":{"@type":"PropertyValueSpecification","valueRequired":true,"valueName":"search_term_string"}}],"inLanguage":"ru-RU"}]}},"amp_enabled":true,"_links":{"self":[{"href":"https:\/\/casino-site-amp55.top\/wp-json\/wp\/v2\/pages\/2211","targetHints":{"allow":["GET"]}}],"collection":[{"href":"https:\/\/casino-site-amp55.top\/wp-json\/wp\/v2\/pages"}],"about":[{"href":"https:\/\/casino-site-amp55.top\/wp-json\/wp\/v2\/types\/page"}],"author":[{"embeddable":true,"href":"https:\/\/casino-site-amp55.top\/wp-json\/wp\/v2\/users\/1"}],"replies":[{"embeddable":true,"href":"https:\/\/casino-site-amp55.top\/wp-json\/wp\/v2\/comments?post=2211"}],"version-history":[{"count":1,"href":"https:\/\/casino-site-amp55.top\/wp-json\/wp\/v2\/pages\/2211\/revisions"}],"predecessor-version":[{"id":2212,"href":"https:\/\/casino-site-amp55.top\/wp-json\/wp\/v2\/pages\/2211\/revisions\/2212"}],"wp:attachment":[{"href":"https:\/\/casino-site-amp55.top\/wp-json\/wp\/v2\/media?parent=2211"}],"curies":[{"name":"wp","href":"https:\/\/api.w.org\/{rel}","templated":true}]}}