{"id":2213,"date":"2025-11-14T15:00:00","date_gmt":"2025-11-14T13:00:00","guid":{"rendered":"https:\/\/casino-site-amp55.top\/?page_id=2213"},"modified":"2025-11-14T15:00:00","modified_gmt":"2025-11-14T13:00:00","slug":"sorumlu-oyun","status":"publish","type":"page","link":"https:\/\/casino-site-amp55.top\/tr\/sorumlu-oyun\/","title":{"rendered":"Sorumlu Oyun"},"content":{"rendered":"<h1>Sorumlu Oyun<\/h1>\n<p>Oyun, stres veya zarar de\u011fil, keyif vermesi gereken bir e\u011flence bi\u00e7imidir. \u015eirketimizde, \u00e7evrimi\u00e7i e\u011flenceyle sa\u011fl\u0131kl\u0131 bir ili\u015fkinin ayr\u0131lmaz bir par\u00e7as\u0131 olarak sorumlu oyun oynamay\u0131 te\u015fvik ediyoruz. Yakla\u015f\u0131m\u0131m\u0131z fark\u0131ndal\u0131k, denge ve ki\u015fisel kontrole odaklan\u0131r; \u00e7\u00fcnk\u00fc oyunlarda ger\u00e7ek \u00f6zg\u00fcrl\u00fck sorumlulukla ba\u015flar.<\/p>\n<h3>Fark\u0131ndal\u0131k ve Kontrol<\/h3>\n<p>Kumar\u0131n nas\u0131l i\u015fledi\u011fini anlamak, kontrol\u00fc ele alman\u0131n ilk ad\u0131m\u0131d\u0131r. Her oyuncuyu oyun oynamay\u0131 bir gelir kayna\u011f\u0131 olarak de\u011fil, bir bo\u015f zaman aktivitesi olarak g\u00f6rmeye te\u015fvik ediyoruz. Platformumuzda, g\u00fcvenli oyun, riskli davran\u0131\u015flar\u0131n erken belirtileri ve zaman ve harcama y\u00f6netimi i\u00e7in pratik ara\u00e7lar hakk\u0131nda e\u011fitim materyalleri bulabilirsiniz. Oyuncular\u0131n s\u0131n\u0131rlar\u0131 anlamalar\u0131na ve disiplini korumalar\u0131na yard\u0131mc\u0131 olarak, herkes i\u00e7in g\u00fcvenli ve \u015feffaf bir ortam yaratmay\u0131 hedefliyoruz.<\/p>\n<h3>Oyuncu \u00d6zerkli\u011fi<\/h3>\n<p>Her kullan\u0131c\u0131 nas\u0131l ve ne zaman oynayaca\u011f\u0131na kendisi karar vermelidir. Bu nedenle, para yat\u0131rma limitleri, harcama s\u0131n\u0131rlar\u0131 ve kendi kendini hari\u00e7 tutma ara\u00e7lar\u0131 gibi \u00f6zellikler sunuyoruz. Oyuncular, hesaplar\u0131n\u0131 gerekti\u011finde dondurarak veya ara vererek tam kontrol\u00fc ele alabilirler. Platform k\u0131s\u0131tlamaz, g\u00fc\u00e7lendirir. Her bireyin tercihine ve oyun aktivitelerinin sorumlulu\u011funu alma hakk\u0131na sayg\u0131 duyuyoruz.<\/p>\n<h3>Sorumlu Denge<\/h3>\n<p>Oyunlar heyecan verici olmal\u0131, ancak asla ger\u00e7ek hayattaki \u00f6nceliklerin yerini almamal\u0131d\u0131r. Sorumlu oyun, e\u011flence ile g\u00fcnl\u00fck ya\u015fam, duygular ile mant\u0131k aras\u0131nda denge kurmak anlam\u0131na gelir. Kullan\u0131c\u0131lar\u0131 mola vermeye, aileleri ve arkada\u015flar\u0131yla yeniden ba\u011flant\u0131 kurmaya ve bahis oynamay\u0131 sorunlardan ka\u00e7\u0131\u015f olarak de\u011fil, keyifli deneyimlerden biri olarak g\u00f6rmeye te\u015fvik ediyoruz.<\/p>\n<h3>Destek ve Yard\u0131m<\/h3>\n<p>Yard\u0131m istemenin cesaret gerektirdi\u011finin fark\u0131nday\u0131z. Bir oyuncu oyun oynaman\u0131n zorla\u015ft\u0131\u011f\u0131n\u0131 hissederse, destek ekibimiz gizli ve sayg\u0131l\u0131 bir rehberlik sunmak i\u00e7in 7\/24 hizmetinizdedir. Ayr\u0131ca, bireylerin g\u00fcvenli oyun al\u0131\u015fkanl\u0131klar\u0131 geli\u015ftirmelerine ve ba\u011f\u0131ml\u0131l\u0131klar\u0131n\u0131n \u00fcstesinden gelmelerine yard\u0131mc\u0131 olan profesyonel kurulu\u015flarla i\u015f birli\u011fi yap\u0131yoruz. Yard\u0131m istemek bir zay\u0131fl\u0131k belirtisi de\u011fil, sorumlu bir karard\u0131r.<\/p>\n<h3>Etik Etkile\u015fim<\/h3>\n<p>T\u00fcm ileti\u015fimimizi d\u00fcr\u00fcstl\u00fck ve sayg\u0131 etraf\u0131nda kuruyoruz. Platformumuz asla aldat\u0131c\u0131 pazarlama, sahte vaatler veya bask\u0131 taktikleri kullanmaz. Oyun oynaman\u0131n bilin\u00e7li ve g\u00f6n\u00fcll\u00fc bir tercih olmas\u0131 gerekti\u011fine inan\u0131yoruz. \u015eeffafl\u0131k ve etik, toplulu\u011fumuzla etkile\u015fimimizin merkezinde yer al\u0131yor.<\/p>\n<h3>Sorumlu Oyun K\u00fclt\u00fcr\u00fc<\/h3>\n<p>Sorumlu oyun oynamak, bir dizi kuraldan daha fazlas\u0131d\u0131r; bir zihniyettir. Bilin\u00e7li bir \u015fekilde oynamak, s\u0131n\u0131rlar\u0131n\u0131z\u0131 bilmek ve s\u00fcrecin tad\u0131n\u0131 \u00e7\u0131karmakla ilgilidir. E\u011flencenin sorumluluk, \u00f6z sayg\u0131 ve fark\u0131ndal\u0131kla el ele gitti\u011fi bir k\u00fclt\u00fcr geli\u015ftirmeye kararl\u0131y\u0131z.<\/p>\n<h3>Sonu\u00e7<\/h3>\n<p>Sorumlu oyun oynamak, \u00f6zg\u00fcr, g\u00fcvenli ve kontrol sahibi olmak anlam\u0131na gelir. Misyonumuz, kullan\u0131c\u0131lara g\u00fcvenle ve ak\u0131ll\u0131ca oynamalar\u0131 i\u00e7in ihtiya\u00e7 duyduklar\u0131 ara\u00e7lar\u0131, bilgiyi ve deste\u011fi sa\u011flamakt\u0131r. Fark\u0131ndal\u0131k, d\u00fcr\u00fcstl\u00fck ve denge; yakla\u015f\u0131m\u0131m\u0131z\u0131 tan\u0131mlayan ve herkes i\u00e7in sa\u011fl\u0131kl\u0131 ve keyifli bir oyun deneyimi sa\u011flayan ilkelerdir.<\/p>\n","protected":false},"excerpt":{"rendered":"<p>Sorumlu Oyun Oyun, stres veya zarar de\u011fil, keyif vermesi gereken bir e\u011flence bi\u00e7imidir. \u015eirketimizde, \u00e7evrimi\u00e7i e\u011flenceyle sa\u011fl\u0131kl\u0131 bir ili\u015fkinin ayr\u0131lmaz bir par\u00e7as\u0131 olarak sorumlu oyun oynamay\u0131 te\u015fvik ediyoruz. Yakla\u015f\u0131m\u0131m\u0131z fark\u0131ndal\u0131k, denge ve ki\u015fisel kontrole odaklan\u0131r; \u00e7\u00fcnk\u00fc oyunlarda ger\u00e7ek \u00f6zg\u00fcrl\u00fck sorumlulukla ba\u015flar. Fark\u0131ndal\u0131k ve Kontrol Kumar\u0131n nas\u0131l i\u015fledi\u011fini anlamak, kontrol\u00fc ele alman\u0131n ilk ad\u0131m\u0131d\u0131r. Her oyuncuyu [&hellip;]<\/p>\n","protected":false},"author":1,"featured_media":0,"parent":0,"menu_order":0,"comment_status":"closed","ping_status":"closed","template":"","meta":{"_acf_changed":false,"footnotes":""},"class_list":["post-2213","page","type-page","status-publish","hentry"],"acf":[],"yoast_head":"<!-- This site is optimized with the Yoast SEO plugin v27.3 - https:\/\/yoast.com\/product\/yoast-seo-wordpress\/ -->\n<title>1xbet | Sorumlu Oyun<\/title>\n<meta name=\"robots\" content=\"index, follow, max-snippet:-1, max-image-preview:large, max-video-preview:-1\" \/>\n<link rel=\"canonical\" href=\"https:\/\/casino-site-amp55.top\/tr\/sorumlu-oyun\/\" \/>\n<meta property=\"og:locale\" content=\"ru_RU\" \/>\n<meta property=\"og:type\" content=\"article\" \/>\n<meta property=\"og:title\" content=\"1xbet | Sorumlu Oyun\" \/>\n<meta property=\"og:description\" content=\"Sorumlu Oyun Oyun, stres veya zarar de\u011fil, keyif vermesi gereken bir e\u011flence bi\u00e7imidir. \u015eirketimizde, \u00e7evrimi\u00e7i e\u011flenceyle sa\u011fl\u0131kl\u0131 bir ili\u015fkinin ayr\u0131lmaz bir par\u00e7as\u0131 olarak sorumlu oyun oynamay\u0131 te\u015fvik ediyoruz. Yakla\u015f\u0131m\u0131m\u0131z fark\u0131ndal\u0131k, denge ve ki\u015fisel kontrole odaklan\u0131r; \u00e7\u00fcnk\u00fc oyunlarda ger\u00e7ek \u00f6zg\u00fcrl\u00fck sorumlulukla ba\u015flar. Fark\u0131ndal\u0131k ve Kontrol Kumar\u0131n nas\u0131l i\u015fledi\u011fini anlamak, kontrol\u00fc ele alman\u0131n ilk ad\u0131m\u0131d\u0131r. Her oyuncuyu [&hellip;]\" \/>\n<meta property=\"og:url\" content=\"https:\/\/casino-site-amp55.top\/tr\/sorumlu-oyun\/\" \/>\n<meta property=\"og:site_name\" content=\"casino-site-amp55.top\" \/>\n<meta name=\"twitter:card\" content=\"summary_large_image\" \/>\n<script type=\"application\/ld+json\" class=\"yoast-schema-graph\">{\"@context\":\"https:\\\/\\\/schema.org\",\"@graph\":[{\"@type\":\"WebPage\",\"@id\":\"https:\\\/\\\/casino-site-amp55.top\\\/tr\\\/sorumlu-oyun\\\/\",\"url\":\"https:\\\/\\\/casino-site-amp55.top\\\/tr\\\/sorumlu-oyun\\\/\",\"name\":\"1xbet | Sorumlu Oyun\",\"isPartOf\":{\"@id\":\"https:\\\/\\\/casino-site-amp55.top\\\/#website\"},\"datePublished\":\"2025-11-14T13:00:00+00:00\",\"breadcrumb\":{\"@id\":\"https:\\\/\\\/casino-site-amp55.top\\\/tr\\\/sorumlu-oyun\\\/#breadcrumb\"},\"inLanguage\":\"ru-RU\",\"potentialAction\":[{\"@type\":\"ReadAction\",\"target\":[\"https:\\\/\\\/casino-site-amp55.top\\\/tr\\\/sorumlu-oyun\\\/\"]}]},{\"@type\":\"BreadcrumbList\",\"@id\":\"https:\\\/\\\/casino-site-amp55.top\\\/tr\\\/sorumlu-oyun\\\/#breadcrumb\",\"itemListElement\":[{\"@type\":\"ListItem\",\"position\":1,\"name\":\"\u0413\u043b\u0430\u0432\u043d\u0430\u044f \u0441\u0442\u0440\u0430\u043d\u0438\u0446\u0430\",\"item\":\"https:\\\/\\\/casino-site-amp55.top\\\/az\\\/\"},{\"@type\":\"ListItem\",\"position\":2,\"name\":\"Sorumlu Oyun\"}]},{\"@type\":\"WebSite\",\"@id\":\"https:\\\/\\\/casino-site-amp55.top\\\/#website\",\"url\":\"https:\\\/\\\/casino-site-amp55.top\\\/\",\"name\":\"casino-site-amp55.top\",\"description\":\"\",\"potentialAction\":[{\"@type\":\"SearchAction\",\"target\":{\"@type\":\"EntryPoint\",\"urlTemplate\":\"https:\\\/\\\/casino-site-amp55.top\\\/?s={search_term_string}\"},\"query-input\":{\"@type\":\"PropertyValueSpecification\",\"valueRequired\":true,\"valueName\":\"search_term_string\"}}],\"inLanguage\":\"ru-RU\"}]}<\/script>\n<!-- \/ Yoast SEO plugin. -->","yoast_head_json":{"title":"1xbet | Sorumlu Oyun","robots":{"index":"index","follow":"follow","max-snippet":"max-snippet:-1","max-image-preview":"max-image-preview:large","max-video-preview":"max-video-preview:-1"},"canonical":"https:\/\/casino-site-amp55.top\/tr\/sorumlu-oyun\/","og_locale":"ru_RU","og_type":"article","og_title":"1xbet | Sorumlu Oyun","og_description":"Sorumlu Oyun Oyun, stres veya zarar de\u011fil, keyif vermesi gereken bir e\u011flence bi\u00e7imidir. \u015eirketimizde, \u00e7evrimi\u00e7i e\u011flenceyle sa\u011fl\u0131kl\u0131 bir ili\u015fkinin ayr\u0131lmaz bir par\u00e7as\u0131 olarak sorumlu oyun oynamay\u0131 te\u015fvik ediyoruz. Yakla\u015f\u0131m\u0131m\u0131z fark\u0131ndal\u0131k, denge ve ki\u015fisel kontrole odaklan\u0131r; \u00e7\u00fcnk\u00fc oyunlarda ger\u00e7ek \u00f6zg\u00fcrl\u00fck sorumlulukla ba\u015flar. Fark\u0131ndal\u0131k ve Kontrol Kumar\u0131n nas\u0131l i\u015fledi\u011fini anlamak, kontrol\u00fc ele alman\u0131n ilk ad\u0131m\u0131d\u0131r. Her oyuncuyu [&hellip;]","og_url":"https:\/\/casino-site-amp55.top\/tr\/sorumlu-oyun\/","og_site_name":"casino-site-amp55.top","twitter_card":"summary_large_image","schema":{"@context":"https:\/\/schema.org","@graph":[{"@type":"WebPage","@id":"https:\/\/casino-site-amp55.top\/tr\/sorumlu-oyun\/","url":"https:\/\/casino-site-amp55.top\/tr\/sorumlu-oyun\/","name":"1xbet | Sorumlu Oyun","isPartOf":{"@id":"https:\/\/casino-site-amp55.top\/#website"},"datePublished":"2025-11-14T13:00:00+00:00","breadcrumb":{"@id":"https:\/\/casino-site-amp55.top\/tr\/sorumlu-oyun\/#breadcrumb"},"inLanguage":"ru-RU","potentialAction":[{"@type":"ReadAction","target":["https:\/\/casino-site-amp55.top\/tr\/sorumlu-oyun\/"]}]},{"@type":"BreadcrumbList","@id":"https:\/\/casino-site-amp55.top\/tr\/sorumlu-oyun\/#breadcrumb","itemListElement":[{"@type":"ListItem","position":1,"name":"\u0413\u043b\u0430\u0432\u043d\u0430\u044f \u0441\u0442\u0440\u0430\u043d\u0438\u0446\u0430","item":"https:\/\/casino-site-amp55.top\/az\/"},{"@type":"ListItem","position":2,"name":"Sorumlu Oyun"}]},{"@type":"WebSite","@id":"https:\/\/casino-site-amp55.top\/#website","url":"https:\/\/casino-site-amp55.top\/","name":"casino-site-amp55.top","description":"","potentialAction":[{"@type":"SearchAction","target":{"@type":"EntryPoint","urlTemplate":"https:\/\/casino-site-amp55.top\/?s={search_term_string}"},"query-input":{"@type":"PropertyValueSpecification","valueRequired":true,"valueName":"search_term_string"}}],"inLanguage":"ru-RU"}]}},"amp_enabled":true,"_links":{"self":[{"href":"https:\/\/casino-site-amp55.top\/wp-json\/wp\/v2\/pages\/2213","targetHints":{"allow":["GET"]}}],"collection":[{"href":"https:\/\/casino-site-amp55.top\/wp-json\/wp\/v2\/pages"}],"about":[{"href":"https:\/\/casino-site-amp55.top\/wp-json\/wp\/v2\/types\/page"}],"author":[{"embeddable":true,"href":"https:\/\/casino-site-amp55.top\/wp-json\/wp\/v2\/users\/1"}],"replies":[{"embeddable":true,"href":"https:\/\/casino-site-amp55.top\/wp-json\/wp\/v2\/comments?post=2213"}],"version-history":[{"count":1,"href":"https:\/\/casino-site-amp55.top\/wp-json\/wp\/v2\/pages\/2213\/revisions"}],"predecessor-version":[{"id":2214,"href":"https:\/\/casino-site-amp55.top\/wp-json\/wp\/v2\/pages\/2213\/revisions\/2214"}],"wp:attachment":[{"href":"https:\/\/casino-site-amp55.top\/wp-json\/wp\/v2\/media?parent=2213"}],"curies":[{"name":"wp","href":"https:\/\/api.w.org\/{rel}","templated":true}]}}